{"id":787,"date":"2023-10-26T11:08:42","date_gmt":"2023-10-26T09:08:42","guid":{"rendered":"https:\/\/gops-urszulin.pl\/?page_id=787"},"modified":"2025-03-06T14:47:23","modified_gmt":"2025-03-06T13:47:23","slug":"czyste-powietrze","status":"publish","type":"page","link":"https:\/\/gops-urszulin.pl\/index.php\/czyste-powietrze\/","title":{"rendered":"&#8222;Czyste Powietrze&#8221;"},"content":{"rendered":"<h3 style=\"text-align: center;\"><strong>Program \u201eCzyste Powietrze\u201d<\/strong><\/h3>\n<p>Gminny O\u015brodek Pomocy Spo\u0142ecznej w Urszulinie wydaje za\u015bwiadczenia o wysoko\u015bci przeci\u0119tnego miesi\u0119cznego dochodu przypadaj\u0105cego na jednego cz\u0142onka gospodarstwa domowego na potrzeby Programu \u201eCzyste Powietrze\u201d 2.0.<\/p>\n<p><strong>Wydanie za\u015bwiadczenia nast\u0119puje na \u017c\u0105danie osoby fizycznej<\/strong>.<\/p>\n<p><strong>Za\u015bwiadczenie nie podlega op\u0142acie skarbowej na podstawie art. 2 ust. 1 pkt 9 ustawy z dnia 16 listopada 2006 r. o op\u0142acie skarbowej.<\/strong><\/p>\n<ul class=\"pdf-list\">\n<li><a href=\"https:\/\/gops-urszulin.pl\/wp-content\/uploads\/2023\/10\/wniosek-czyste-powietrze.pdf\"><i class=\"fa fa-file-pdf-o\"><\/i>Wniosek o wydanie za\u015bwiadczenia w ramach programu \u201cCzyste Powietrze\u201d<\/a><\/li>\n<li><a href=\"https:\/\/gops-urszulin.pl\/wp-content\/uploads\/2023\/10\/Klauzula-informacyjna-CP.pdf\"><i class=\"fa fa-file-pdf-o\"><\/i>Klauzula informacyjna do wniosku<\/a><\/li>\n<\/ul>\n","protected":false},"excerpt":{"rendered":"<p>Program \u201eCzyste Powietrze\u201d Gminny O\u015brodek Pomocy Spo\u0142ecznej w Urszulinie wydaje za\u015bwiadczenia o wysoko\u015bci przeci\u0119tnego miesi\u0119cznego dochodu przypadaj\u0105cego na jednego cz\u0142onka gospodarstwa domowego [&hellip;]<\/p>\n","protected":false},"author":1,"featured_media":790,"parent":0,"menu_order":0,"comment_status":"closed","ping_status":"closed","template":"","meta":{"footnotes":""},"class_list":["post-787","page","type-page","status-publish","has-post-thumbnail","hentry"],"yoast_head":"<!-- This site is optimized with the Yoast SEO plugin v27.4 - https:\/\/yoast.com\/product\/yoast-seo-wordpress\/ -->\n<title>&quot;Czyste Powietrze&quot; - Gminny O\u015brodek Pomocy Spo\u0142ecznej w Urszulinie<\/title>\n<meta name=\"description\" content=\"Tu pobierzesz wniosek o wydanie za\u015bwiadczenia do programu &quot;Czyste powietrze&quot;\" \/>\n<meta name=\"robots\" content=\"index, follow, max-snippet:-1, max-image-preview:large, max-video-preview:-1\" \/>\n<link rel=\"canonical\" href=\"https:\/\/gops-urszulin.pl\/index.php\/czyste-powietrze\/\" \/>\n<meta property=\"og:locale\" content=\"pl_PL\" \/>\n<meta property=\"og:type\" content=\"article\" \/>\n<meta property=\"og:title\" content=\"&quot;Czyste Powietrze&quot; - Gminny O\u015brodek Pomocy Spo\u0142ecznej w Urszulinie\" \/>\n<meta property=\"og:description\" content=\"Tu pobierzesz wniosek o wydanie za\u015bwiadczenia do programu &quot;Czyste powietrze&quot;\" \/>\n<meta property=\"og:url\" content=\"https:\/\/gops-urszulin.pl\/index.php\/czyste-powietrze\/\" \/>\n<meta property=\"og:site_name\" content=\"Gminny O\u015brodek Pomocy Spo\u0142ecznej w Urszulinie\" \/>\n<meta property=\"article:modified_time\" content=\"2025-03-06T13:47:23+00:00\" \/>\n<meta property=\"og:image\" content=\"https:\/\/gops-urszulin.pl\/wp-content\/uploads\/2023\/10\/Logo-CP.png\" \/>\n\t<meta property=\"og:image:width\" content=\"787\" \/>\n\t<meta property=\"og:image:height\" content=\"560\" \/>\n\t<meta property=\"og:image:type\" content=\"image\/png\" \/>\n<meta name=\"twitter:card\" content=\"summary_large_image\" \/>\n<meta name=\"twitter:label1\" content=\"Szacowany czas czytania\" \/>\n\t<meta name=\"twitter:data1\" content=\"1 minuta\" \/>\n<script type=\"application\/ld+json\" class=\"yoast-schema-graph\">{\"@context\":\"https:\\\/\\\/schema.org\",\"@graph\":[{\"@type\":\"WebPage\",\"@id\":\"https:\\\/\\\/gops-urszulin.pl\\\/index.php\\\/czyste-powietrze\\\/\",\"url\":\"https:\\\/\\\/gops-urszulin.pl\\\/index.php\\\/czyste-powietrze\\\/\",\"name\":\"\\\"Czyste Powietrze\\\" - Gminny O\u015brodek Pomocy Spo\u0142ecznej w Urszulinie\",\"isPartOf\":{\"@id\":\"https:\\\/\\\/gops-urszulin.pl\\\/#website\"},\"primaryImageOfPage\":{\"@id\":\"https:\\\/\\\/gops-urszulin.pl\\\/index.php\\\/czyste-powietrze\\\/#primaryimage\"},\"image\":{\"@id\":\"https:\\\/\\\/gops-urszulin.pl\\\/index.php\\\/czyste-powietrze\\\/#primaryimage\"},\"thumbnailUrl\":\"https:\\\/\\\/gops-urszulin.pl\\\/wp-content\\\/uploads\\\/2023\\\/10\\\/Logo-CP.png\",\"datePublished\":\"2023-10-26T09:08:42+00:00\",\"dateModified\":\"2025-03-06T13:47:23+00:00\",\"description\":\"Tu pobierzesz wniosek o wydanie za\u015bwiadczenia do programu \\\"Czyste powietrze\\\"\",\"breadcrumb\":{\"@id\":\"https:\\\/\\\/gops-urszulin.pl\\\/index.php\\\/czyste-powietrze\\\/#breadcrumb\"},\"inLanguage\":\"pl-PL\",\"potentialAction\":[{\"@type\":\"ReadAction\",\"target\":[\"https:\\\/\\\/gops-urszulin.pl\\\/index.php\\\/czyste-powietrze\\\/\"]}]},{\"@type\":\"ImageObject\",\"inLanguage\":\"pl-PL\",\"@id\":\"https:\\\/\\\/gops-urszulin.pl\\\/index.php\\\/czyste-powietrze\\\/#primaryimage\",\"url\":\"https:\\\/\\\/gops-urszulin.pl\\\/wp-content\\\/uploads\\\/2023\\\/10\\\/Logo-CP.png\",\"contentUrl\":\"https:\\\/\\\/gops-urszulin.pl\\\/wp-content\\\/uploads\\\/2023\\\/10\\\/Logo-CP.png\",\"width\":787,\"height\":560,\"caption\":\"logo programu Czyste Powietrze\"},{\"@type\":\"BreadcrumbList\",\"@id\":\"https:\\\/\\\/gops-urszulin.pl\\\/index.php\\\/czyste-powietrze\\\/#breadcrumb\",\"itemListElement\":[{\"@type\":\"ListItem\",\"position\":1,\"name\":\"Strona g\u0142\u00f3wna\",\"item\":\"https:\\\/\\\/gops-urszulin.pl\\\/\"},{\"@type\":\"ListItem\",\"position\":2,\"name\":\"&#8222;Czyste Powietrze&#8221;\"}]},{\"@type\":\"WebSite\",\"@id\":\"https:\\\/\\\/gops-urszulin.pl\\\/#website\",\"url\":\"https:\\\/\\\/gops-urszulin.pl\\\/\",\"name\":\"Gminny O\u015brodek Pomocy Spo\u0142ecznej w Urszulinie\",\"description\":\"\",\"potentialAction\":[{\"@type\":\"SearchAction\",\"target\":{\"@type\":\"EntryPoint\",\"urlTemplate\":\"https:\\\/\\\/gops-urszulin.pl\\\/?s={search_term_string}\"},\"query-input\":{\"@type\":\"PropertyValueSpecification\",\"valueRequired\":true,\"valueName\":\"search_term_string\"}}],\"inLanguage\":\"pl-PL\"}]}<\/script>\n<!-- \/ Yoast SEO plugin. -->","yoast_head_json":{"title":"\"Czyste Powietrze\" - Gminny O\u015brodek Pomocy Spo\u0142ecznej w Urszulinie","description":"Tu pobierzesz wniosek o wydanie za\u015bwiadczenia do programu \"Czyste powietrze\"","robots":{"index":"index","follow":"follow","max-snippet":"max-snippet:-1","max-image-preview":"max-image-preview:large","max-video-preview":"max-video-preview:-1"},"canonical":"https:\/\/gops-urszulin.pl\/index.php\/czyste-powietrze\/","og_locale":"pl_PL","og_type":"article","og_title":"\"Czyste Powietrze\" - Gminny O\u015brodek Pomocy Spo\u0142ecznej w Urszulinie","og_description":"Tu pobierzesz wniosek o wydanie za\u015bwiadczenia do programu \"Czyste powietrze\"","og_url":"https:\/\/gops-urszulin.pl\/index.php\/czyste-powietrze\/","og_site_name":"Gminny O\u015brodek Pomocy Spo\u0142ecznej w Urszulinie","article_modified_time":"2025-03-06T13:47:23+00:00","og_image":[{"width":787,"height":560,"url":"https:\/\/gops-urszulin.pl\/wp-content\/uploads\/2023\/10\/Logo-CP.png","type":"image\/png"}],"twitter_card":"summary_large_image","twitter_misc":{"Szacowany czas czytania":"1 minuta"},"schema":{"@context":"https:\/\/schema.org","@graph":[{"@type":"WebPage","@id":"https:\/\/gops-urszulin.pl\/index.php\/czyste-powietrze\/","url":"https:\/\/gops-urszulin.pl\/index.php\/czyste-powietrze\/","name":"\"Czyste Powietrze\" - Gminny O\u015brodek Pomocy Spo\u0142ecznej w Urszulinie","isPartOf":{"@id":"https:\/\/gops-urszulin.pl\/#website"},"primaryImageOfPage":{"@id":"https:\/\/gops-urszulin.pl\/index.php\/czyste-powietrze\/#primaryimage"},"image":{"@id":"https:\/\/gops-urszulin.pl\/index.php\/czyste-powietrze\/#primaryimage"},"thumbnailUrl":"https:\/\/gops-urszulin.pl\/wp-content\/uploads\/2023\/10\/Logo-CP.png","datePublished":"2023-10-26T09:08:42+00:00","dateModified":"2025-03-06T13:47:23+00:00","description":"Tu pobierzesz wniosek o wydanie za\u015bwiadczenia do programu \"Czyste powietrze\"","breadcrumb":{"@id":"https:\/\/gops-urszulin.pl\/index.php\/czyste-powietrze\/#breadcrumb"},"inLanguage":"pl-PL","potentialAction":[{"@type":"ReadAction","target":["https:\/\/gops-urszulin.pl\/index.php\/czyste-powietrze\/"]}]},{"@type":"ImageObject","inLanguage":"pl-PL","@id":"https:\/\/gops-urszulin.pl\/index.php\/czyste-powietrze\/#primaryimage","url":"https:\/\/gops-urszulin.pl\/wp-content\/uploads\/2023\/10\/Logo-CP.png","contentUrl":"https:\/\/gops-urszulin.pl\/wp-content\/uploads\/2023\/10\/Logo-CP.png","width":787,"height":560,"caption":"logo programu Czyste Powietrze"},{"@type":"BreadcrumbList","@id":"https:\/\/gops-urszulin.pl\/index.php\/czyste-powietrze\/#breadcrumb","itemListElement":[{"@type":"ListItem","position":1,"name":"Strona g\u0142\u00f3wna","item":"https:\/\/gops-urszulin.pl\/"},{"@type":"ListItem","position":2,"name":"&#8222;Czyste Powietrze&#8221;"}]},{"@type":"WebSite","@id":"https:\/\/gops-urszulin.pl\/#website","url":"https:\/\/gops-urszulin.pl\/","name":"Gminny O\u015brodek Pomocy Spo\u0142ecznej w Urszulinie","description":"","potentialAction":[{"@type":"SearchAction","target":{"@type":"EntryPoint","urlTemplate":"https:\/\/gops-urszulin.pl\/?s={search_term_string}"},"query-input":{"@type":"PropertyValueSpecification","valueRequired":true,"valueName":"search_term_string"}}],"inLanguage":"pl-PL"}]}},"_links":{"self":[{"href":"https:\/\/gops-urszulin.pl\/index.php\/wp-json\/wp\/v2\/pages\/787","targetHints":{"allow":["GET"]}}],"collection":[{"href":"https:\/\/gops-urszulin.pl\/index.php\/wp-json\/wp\/v2\/pages"}],"about":[{"href":"https:\/\/gops-urszulin.pl\/index.php\/wp-json\/wp\/v2\/types\/page"}],"author":[{"embeddable":true,"href":"https:\/\/gops-urszulin.pl\/index.php\/wp-json\/wp\/v2\/users\/1"}],"replies":[{"embeddable":true,"href":"https:\/\/gops-urszulin.pl\/index.php\/wp-json\/wp\/v2\/comments?post=787"}],"version-history":[{"count":2,"href":"https:\/\/gops-urszulin.pl\/index.php\/wp-json\/wp\/v2\/pages\/787\/revisions"}],"predecessor-version":[{"id":1255,"href":"https:\/\/gops-urszulin.pl\/index.php\/wp-json\/wp\/v2\/pages\/787\/revisions\/1255"}],"wp:featuredmedia":[{"embeddable":true,"href":"https:\/\/gops-urszulin.pl\/index.php\/wp-json\/wp\/v2\/media\/790"}],"wp:attachment":[{"href":"https:\/\/gops-urszulin.pl\/index.php\/wp-json\/wp\/v2\/media?parent=787"}],"curies":[{"name":"wp","href":"https:\/\/api.w.org\/{rel}","templated":true}]}}