{"id":777,"date":"2023-10-26T10:10:36","date_gmt":"2023-10-26T08:10:36","guid":{"rendered":"https:\/\/gops-urszulin.pl\/?page_id=777"},"modified":"2025-09-04T08:20:55","modified_gmt":"2025-09-04T07:20:55","slug":"stypendia-i-zasilki-szkolne","status":"publish","type":"page","link":"https:\/\/gops-urszulin.pl\/index.php\/stypendia-i-zasilki-szkolne\/","title":{"rendered":"Stypendia i zasi\u0142ki szkolne"},"content":{"rendered":"<p>\u015awiadczeniami pomocy materialnej o charakterze socjalnym s\u0105:<\/p>\n<ol>\n<li><strong>stypendium szkolne;<\/strong><\/li>\n<li><strong>zasi\u0142ek szkolny <\/strong>(w przypadku wyst\u0105pienia zdarzenia losowego).<\/li>\n<\/ol>\n<p>Uprawnieni do pomocy materialnej o charakterze socjalnym w formie stypendium szkolnego i zasi\u0142ku szkolnego s\u0105 zamieszkali na terenie gminy Urszulin:<\/p>\n<ol>\n<li>uczniowie szk\u00f3\u0142 publicznych, niepublicznych i niepublicznych szk\u00f3\u0142 artystycznych o uprawnieniach publicznych szk\u00f3\u0142 artystycznych oraz s\u0142uchacze kolegi\u00f3w pracownik\u00f3w s\u0142u\u017cb spo\u0142ecznych \u2013 do czasu uko\u0144czenia kszta\u0142cenia, nie d\u0142u\u017cej jednak ni\u017c do uko\u0144czenia 24 roku \u017cycia;<\/li>\n<li>wychowankowie publicznych i niepublicznych o\u015brodk\u00f3w rewalidacyjno-wychowawczych \u2013 do czasu uko\u0144czenia realizacji obowi\u0105zku nauki.<\/li>\n<\/ol>\n<h4><strong>Stypendium szkolne i zasi\u0142ek szkolny przyznaje si\u0119 na wniosek:<\/strong><\/h4>\n<ol>\n<li>rodzic\u00f3w albo pe\u0142noletniego ucznia;<\/li>\n<li>dyrektora szko\u0142y, kolegium pracownik\u00f3w s\u0142u\u017cb spo\u0142ecznych lub o\u015brodka rewalidacyjno-wychowawczego.<\/li>\n<\/ol>\n<h4><strong>Warunki przyznania stypendium szkolnego:<\/strong><\/h4>\n<ol>\n<li>miesi\u0119czna wysoko\u015b\u0107 dochodu na osob\u0119 w rodzinie ucznia uprawniaj\u0105ca do ubiegania si\u0119 o stypendium szkolne nie mo\u017ce by\u0107 wy\u017csza ni\u017c kwota, o kt\u00f3rej mowa w art. 8 ust. 1 pkt 2 ustawy z dnia 12 marca 2004 r. o pomocy spo\u0142ecznej, tj. <strong>823 z\u0142<\/strong><\/li>\n<li><strong>wyst\u0119powanie w rodzinie w szczeg\u00f3lno\u015bci: <\/strong><strong>bezrobocia, niepe\u0142nosprawno\u015bci, ci\u0119\u017ckiej lub d\u0142ugotrwa\u0142ej choroby, wielodzietno\u015bci, braku umiej\u0119tno\u015bci wype\u0142niania funkcji opieku\u0144czo-wychowawczych, alkoholizmu lub narkomanii, a tak\u017ce gdy rodzina jest niepe\u0142na lub wyst\u0105pi\u0142o zdarzenie losowe<\/strong>.<\/li>\n<\/ol>\n<h4><strong>Warunki przyznania zasi\u0142ku szkolnego:<\/strong><\/h4>\n<ol>\n<li>zasi\u0142ek szkolny mo\u017ce by\u0107 przyznany bez wzgl\u0119du na doch\u00f3d uczniowi znajduj\u0105cemu si\u0119 przej\u015bciowo w trudnej sytuacji materialnej z powodu zdarzenia losowego.<\/li>\n<li>o zasi\u0142ek szkolny mo\u017cna ubiega\u0107 si\u0119 w terminie nie d\u0142u\u017cszym ni\u017c dwa miesi\u0105ce od wyst\u0105pienia zdarzenia uzasadniaj\u0105cego przyznanie tego zasi\u0142ku.<\/li>\n<\/ol>\n<h4><strong>Stypendium szkolne<\/strong><strong>\u00a0nie przys\u0142uguje:<\/strong><\/h4>\n<ul>\n<li>dzieciom odbywaj\u0105cym roczne przygotowanie przedszkolne,<\/li>\n<li>uczniom, kt\u00f3rzy nie zamieszkuj\u0105 na terenie gminy Urszulin<\/li>\n<li>w sytuacji gdy stypendysta zosta\u0142 skre\u015blony z listy uczni\u00f3w,<\/li>\n<li>je\u017celi miesi\u0119czna wysoko\u015b\u0107 dochodu na osob\u0119 w rodzinie stypendysty przekracza kwot\u0119 uprawniaj\u0105c\u0105 do otrzymania stypendium szkolnego, tj. 823 z\u0142<\/li>\n<li>uczniowi, kt\u00f3ry otrzymuje inne stypendium o charakterze socjalnym ze \u015brodk\u00f3w publicznych z wyj\u0105tkiem sytuacji, kiedy \u0142\u0105czna kwota otrzymywanych stypendi\u00f3w o charakterze socjalnym nie przekracza w danym roku szkolnym kwoty 2480 z\u0142, a w przypadku s\u0142uchaczy kwoty 2232 z\u0142.<\/li>\n<\/ul>\n<h4><strong>Zasi\u0142ek szkolny\u00a0<\/strong><strong>nie przys\u0142uguje:<\/strong><\/h4>\n<ul>\n<li>dzieciom odbywaj\u0105cym roczne przygotowanie przedszkolne.<\/li>\n<li>uczniom, kt\u00f3rzy nie zamieszkuj\u0105 na terenie gminy Urszulin<\/li>\n<\/ul>\n<h4><strong>\u00a0Terminy sk\u0142adania wniosku na stypendium szkolne:<\/strong><\/h4>\n<ol>\n<li>od 1 do 15 wrze\u015bnia danego roku szkolnego,<\/li>\n<li>od 1 do 15 lutego danego roku szkolnego w przypadku uczni\u00f3w i s\u0142uchaczy szk\u00f3\u0142,<br \/>w kt\u00f3rych zaj\u0119cia dydaktyczno-wychowawcze rozpoczynaj\u0105 si\u0119 w pierwszym, powszednim dniu lutego,<\/li>\n<li>od 1 do 15 pa\u017adziernika danego roku szkolnego w przypadku s\u0142uchaczy kolegi\u00f3w pracownik\u00f3w s\u0142u\u017cb spo\u0142ecznych.<\/li>\n<\/ol>\n<ul class=\"pdf-list\">\n<li><a href=\"https:\/\/gops-urszulin.pl\/wp-content\/uploads\/2024\/09\/regulamin-stypendia.pdf\"><i class=\"fa fa-file-pdf-o\"><\/i>Regulaminu udzielania pomocy materialnej o charakterze socjalnym dla uczni\u00f3w zamieszka\u0142ych na terenie gminy Urszulin<\/a><\/li>\n<li><a href=\"https:\/\/gops-urszulin.pl\/wp-content\/uploads\/2024\/09\/Uchwala-stypendia.pdf\"><i class=\"fa fa-file-pdf-o\"><\/i>Uchwa\u0142a Nr LV\/333\/2023 Rady Gminy Urszulin z dnia 21 lipca 2023 r. w sprawie uchwalenia regulaminu udzielania pomocy materialnej o charakterze socjalnym dla uczni\u00f3w zamieszka\u0142ych na terenie gminy Urszulin<\/a><\/li>\n<li><a href=\"https:\/\/gops-urszulin.pl\/wp-content\/uploads\/2024\/09\/Uchwala_rady_gminy_urszulin_360.pdf\"><i class=\"fa fa-file-pdf-o\"><\/i>Uchwa\u0142a Nr LVIII\/360\/2023 Rady Gminy Urszulin z dnia 27 grudnia 2023 r. w sprawie wprowadzenia zmian do uchwa\u0142y Nr LV\/333\/2023 Rady Gminy Urszulin z dnia 21 lipca 2023 r. w sprawie uchwalenia regulaminu udzielania pomocy materialnej o charakterze socjalnym dla uczni\u00f3w zamieszka\u0142ych na terenie gminy Urszulin<\/a><\/li>\n<\/ul>\n\n\n<hr class=\"wp-block-separator has-alpha-channel-opacity\"\/>\n\n\n<ul class=\"wp-block-latest-posts__list is-grid columns-3 wp-block-latest-posts\"><li><a class=\"wp-block-latest-posts__post-title\" href=\"https:\/\/gops-urszulin.pl\/index.php\/2025\/09\/04\/stypendium-szkolne-2025-2026-2\/\">Stypendium szkolne 2025\/2026<\/a><div class=\"wp-block-latest-posts__post-excerpt\">Katalog wydatk\u00f3w kwalifikowanych do stypendium szkolnego 2025\/2026<\/div><\/li>\n<li><a class=\"wp-block-latest-posts__post-title\" href=\"https:\/\/gops-urszulin.pl\/index.php\/2025\/09\/04\/stypendium-szkolne-2025-2026-wnioski-2\/\">Stypendium szkolne 2025\/2026 \u2013 wnioski<\/a><div class=\"wp-block-latest-posts__post-excerpt\">Przypominamy, \u017ce wnioski o przyznanie stypendium szkolnego pobra\u0107 mo\u017cna w Gminnym O\u015brodku Pomocy Spo\u0142ecznej w Urszulinie.<\/div><\/li>\n<li><a class=\"wp-block-latest-posts__post-title\" href=\"https:\/\/gops-urszulin.pl\/index.php\/2024\/09\/02\/stypendium-szkolne-2024-2025-wnioski\/\">Stypendium szkolne 2024\/2025 \u2013 wnioski<\/a><div class=\"wp-block-latest-posts__post-excerpt\">Przypominamy, \u017ce wnioski o przyznanie stypendium szkolnego pobra\u0107 mo\u017cna w Gminnym O\u015brodku Pomocy Spo\u0142ecznej w Urszulinie.<\/div><\/li>\n<li><a class=\"wp-block-latest-posts__post-title\" href=\"https:\/\/gops-urszulin.pl\/index.php\/2024\/08\/09\/stypendium-szkolne-2024-2025\/\">Stypendium szkolne 2024\/2025<\/a><div class=\"wp-block-latest-posts__post-excerpt\">Katalog wydatk\u00f3w kwalifikowanych do stypendium szkolnego 2024\/2025<\/div><\/li>\n<li><a class=\"wp-block-latest-posts__post-title\" href=\"https:\/\/gops-urszulin.pl\/index.php\/2023\/08\/18\/stypendium-szkolne-2023-2024\/\">Stypendium szkolne 2023\/2024<\/a><div class=\"wp-block-latest-posts__post-excerpt\">Katalog wydatk\u00f3w kwalifikowanych do stypendium szkolnego 2023\/2024<\/div><\/li>\n<\/ul>","protected":false},"excerpt":{"rendered":"<p>\u015awiadczeniami pomocy materialnej o charakterze socjalnym s\u0105: stypendium szkolne; zasi\u0142ek szkolny (w przypadku wyst\u0105pienia zdarzenia losowego). Uprawnieni do pomocy materialnej o charakterze [&hellip;]<\/p>\n","protected":false},"author":1,"featured_media":0,"parent":0,"menu_order":0,"comment_status":"closed","ping_status":"closed","template":"","meta":{"footnotes":""},"class_list":["post-777","page","type-page","status-publish","hentry"],"yoast_head":"<!-- This site is optimized with the Yoast SEO plugin v27.4 - https:\/\/yoast.com\/product\/yoast-seo-wordpress\/ -->\n<title>Stypendia i zasi\u0142ki szkolne - GOPS Urszulin<\/title>\n<meta name=\"description\" content=\"Informacja dla os\u00f3b uprawnionych do pomocy materialnej o charakterze socjalnym - stypendium szkolnego i zasi\u0142ku szkolnego, mieszkaj\u0105cych w Gminie Urszulin\" \/>\n<meta name=\"robots\" content=\"index, follow, max-snippet:-1, max-image-preview:large, max-video-preview:-1\" \/>\n<link rel=\"canonical\" href=\"https:\/\/gops-urszulin.pl\/index.php\/stypendia-i-zasilki-szkolne\/\" \/>\n<meta property=\"og:locale\" content=\"pl_PL\" \/>\n<meta property=\"og:type\" content=\"article\" \/>\n<meta property=\"og:title\" content=\"Stypendia i zasi\u0142ki szkolne - GOPS Urszulin\" \/>\n<meta property=\"og:description\" content=\"Informacja dla os\u00f3b uprawnionych do pomocy materialnej o charakterze socjalnym - stypendium szkolnego i zasi\u0142ku szkolnego, mieszkaj\u0105cych w Gminie Urszulin\" \/>\n<meta property=\"og:url\" content=\"https:\/\/gops-urszulin.pl\/index.php\/stypendia-i-zasilki-szkolne\/\" \/>\n<meta property=\"og:site_name\" content=\"Gminny O\u015brodek Pomocy Spo\u0142ecznej w Urszulinie\" \/>\n<meta property=\"article:modified_time\" content=\"2025-09-04T07:20:55+00:00\" \/>\n<meta name=\"twitter:card\" content=\"summary_large_image\" \/>\n<meta name=\"twitter:label1\" content=\"Szacowany czas czytania\" \/>\n\t<meta name=\"twitter:data1\" content=\"3 minuty\" \/>\n<script type=\"application\/ld+json\" class=\"yoast-schema-graph\">{\"@context\":\"https:\\\/\\\/schema.org\",\"@graph\":[{\"@type\":\"WebPage\",\"@id\":\"https:\\\/\\\/gops-urszulin.pl\\\/index.php\\\/stypendia-i-zasilki-szkolne\\\/\",\"url\":\"https:\\\/\\\/gops-urszulin.pl\\\/index.php\\\/stypendia-i-zasilki-szkolne\\\/\",\"name\":\"Stypendia i zasi\u0142ki szkolne - GOPS Urszulin\",\"isPartOf\":{\"@id\":\"https:\\\/\\\/gops-urszulin.pl\\\/#website\"},\"datePublished\":\"2023-10-26T08:10:36+00:00\",\"dateModified\":\"2025-09-04T07:20:55+00:00\",\"description\":\"Informacja dla os\u00f3b uprawnionych do pomocy materialnej o charakterze socjalnym - stypendium szkolnego i zasi\u0142ku szkolnego, mieszkaj\u0105cych w Gminie Urszulin\",\"breadcrumb\":{\"@id\":\"https:\\\/\\\/gops-urszulin.pl\\\/index.php\\\/stypendia-i-zasilki-szkolne\\\/#breadcrumb\"},\"inLanguage\":\"pl-PL\",\"potentialAction\":[{\"@type\":\"ReadAction\",\"target\":[\"https:\\\/\\\/gops-urszulin.pl\\\/index.php\\\/stypendia-i-zasilki-szkolne\\\/\"]}]},{\"@type\":\"BreadcrumbList\",\"@id\":\"https:\\\/\\\/gops-urszulin.pl\\\/index.php\\\/stypendia-i-zasilki-szkolne\\\/#breadcrumb\",\"itemListElement\":[{\"@type\":\"ListItem\",\"position\":1,\"name\":\"Strona g\u0142\u00f3wna\",\"item\":\"https:\\\/\\\/gops-urszulin.pl\\\/\"},{\"@type\":\"ListItem\",\"position\":2,\"name\":\"Stypendia i zasi\u0142ki szkolne\"}]},{\"@type\":\"WebSite\",\"@id\":\"https:\\\/\\\/gops-urszulin.pl\\\/#website\",\"url\":\"https:\\\/\\\/gops-urszulin.pl\\\/\",\"name\":\"Gminny O\u015brodek Pomocy Spo\u0142ecznej w Urszulinie\",\"description\":\"\",\"potentialAction\":[{\"@type\":\"SearchAction\",\"target\":{\"@type\":\"EntryPoint\",\"urlTemplate\":\"https:\\\/\\\/gops-urszulin.pl\\\/?s={search_term_string}\"},\"query-input\":{\"@type\":\"PropertyValueSpecification\",\"valueRequired\":true,\"valueName\":\"search_term_string\"}}],\"inLanguage\":\"pl-PL\"}]}<\/script>\n<!-- \/ Yoast SEO plugin. -->","yoast_head_json":{"title":"Stypendia i zasi\u0142ki szkolne - GOPS Urszulin","description":"Informacja dla os\u00f3b uprawnionych do pomocy materialnej o charakterze socjalnym - stypendium szkolnego i zasi\u0142ku szkolnego, mieszkaj\u0105cych w Gminie Urszulin","robots":{"index":"index","follow":"follow","max-snippet":"max-snippet:-1","max-image-preview":"max-image-preview:large","max-video-preview":"max-video-preview:-1"},"canonical":"https:\/\/gops-urszulin.pl\/index.php\/stypendia-i-zasilki-szkolne\/","og_locale":"pl_PL","og_type":"article","og_title":"Stypendia i zasi\u0142ki szkolne - GOPS Urszulin","og_description":"Informacja dla os\u00f3b uprawnionych do pomocy materialnej o charakterze socjalnym - stypendium szkolnego i zasi\u0142ku szkolnego, mieszkaj\u0105cych w Gminie Urszulin","og_url":"https:\/\/gops-urszulin.pl\/index.php\/stypendia-i-zasilki-szkolne\/","og_site_name":"Gminny O\u015brodek Pomocy Spo\u0142ecznej w Urszulinie","article_modified_time":"2025-09-04T07:20:55+00:00","twitter_card":"summary_large_image","twitter_misc":{"Szacowany czas czytania":"3 minuty"},"schema":{"@context":"https:\/\/schema.org","@graph":[{"@type":"WebPage","@id":"https:\/\/gops-urszulin.pl\/index.php\/stypendia-i-zasilki-szkolne\/","url":"https:\/\/gops-urszulin.pl\/index.php\/stypendia-i-zasilki-szkolne\/","name":"Stypendia i zasi\u0142ki szkolne - GOPS Urszulin","isPartOf":{"@id":"https:\/\/gops-urszulin.pl\/#website"},"datePublished":"2023-10-26T08:10:36+00:00","dateModified":"2025-09-04T07:20:55+00:00","description":"Informacja dla os\u00f3b uprawnionych do pomocy materialnej o charakterze socjalnym - stypendium szkolnego i zasi\u0142ku szkolnego, mieszkaj\u0105cych w Gminie Urszulin","breadcrumb":{"@id":"https:\/\/gops-urszulin.pl\/index.php\/stypendia-i-zasilki-szkolne\/#breadcrumb"},"inLanguage":"pl-PL","potentialAction":[{"@type":"ReadAction","target":["https:\/\/gops-urszulin.pl\/index.php\/stypendia-i-zasilki-szkolne\/"]}]},{"@type":"BreadcrumbList","@id":"https:\/\/gops-urszulin.pl\/index.php\/stypendia-i-zasilki-szkolne\/#breadcrumb","itemListElement":[{"@type":"ListItem","position":1,"name":"Strona g\u0142\u00f3wna","item":"https:\/\/gops-urszulin.pl\/"},{"@type":"ListItem","position":2,"name":"Stypendia i zasi\u0142ki szkolne"}]},{"@type":"WebSite","@id":"https:\/\/gops-urszulin.pl\/#website","url":"https:\/\/gops-urszulin.pl\/","name":"Gminny O\u015brodek Pomocy Spo\u0142ecznej w Urszulinie","description":"","potentialAction":[{"@type":"SearchAction","target":{"@type":"EntryPoint","urlTemplate":"https:\/\/gops-urszulin.pl\/?s={search_term_string}"},"query-input":{"@type":"PropertyValueSpecification","valueRequired":true,"valueName":"search_term_string"}}],"inLanguage":"pl-PL"}]}},"_links":{"self":[{"href":"https:\/\/gops-urszulin.pl\/index.php\/wp-json\/wp\/v2\/pages\/777","targetHints":{"allow":["GET"]}}],"collection":[{"href":"https:\/\/gops-urszulin.pl\/index.php\/wp-json\/wp\/v2\/pages"}],"about":[{"href":"https:\/\/gops-urszulin.pl\/index.php\/wp-json\/wp\/v2\/types\/page"}],"author":[{"embeddable":true,"href":"https:\/\/gops-urszulin.pl\/index.php\/wp-json\/wp\/v2\/users\/1"}],"replies":[{"embeddable":true,"href":"https:\/\/gops-urszulin.pl\/index.php\/wp-json\/wp\/v2\/comments?post=777"}],"version-history":[{"count":6,"href":"https:\/\/gops-urszulin.pl\/index.php\/wp-json\/wp\/v2\/pages\/777\/revisions"}],"predecessor-version":[{"id":1692,"href":"https:\/\/gops-urszulin.pl\/index.php\/wp-json\/wp\/v2\/pages\/777\/revisions\/1692"}],"wp:attachment":[{"href":"https:\/\/gops-urszulin.pl\/index.php\/wp-json\/wp\/v2\/media?parent=777"}],"curies":[{"name":"wp","href":"https:\/\/api.w.org\/{rel}","templated":true}]}}