{"id":459,"date":"2023-10-13T12:51:20","date_gmt":"2023-10-13T10:51:20","guid":{"rendered":"https:\/\/gops-urszulin.pl\/?page_id=459"},"modified":"2024-11-12T10:06:23","modified_gmt":"2024-11-12T09:06:23","slug":"kontakt","status":"publish","type":"page","link":"https:\/\/gops-urszulin.pl\/index.php\/kontakt\/","title":{"rendered":"Kontakt"},"content":{"rendered":"\n<div class=\"wp-block-group\"><div class=\"wp-block-group__inner-container is-layout-constrained wp-block-group-is-layout-constrained\">\n<h3><strong>Gminny O\u015brodek Pomocy Spo\u0142ecznej w Urszulinie<\/strong><\/h3>\n<p><strong>Adres<\/strong><br \/>ul. Lubelska 31<br \/>22-234 Urszulin<\/p>\n<p>tel. (82) 5713044<\/p>\n<p>fax: (82) 5920014<\/p>\n<p>e-mail:\u00a0<a href=\"mailto:gops@gops-urszulin.pl\">gops@gops-urszulin.pl<\/a><br \/><span id=\"templatePanel\"><span id=\"docMode\"><span id=\"sendersRecipients\"><span id=\"recipientsGateAdress\"><strong>ePUAP:\u00a0 <\/strong>\/GOPSUrszulin\/SkrytkaESP<\/span><\/span><\/span><\/span><\/p>\n<p><strong>adres e-Dor\u0119cze\u0144: <\/strong>AE:PL-68260-12497-SIFHA-24<\/p>\n<p>\u00a0<\/p>\n<p><strong>Godziny urz\u0119dowania<\/strong><\/p>\n<p>Poniedzia\u0142ek &#8211; Pi\u0105tek od 7:30 do 15:30<\/p>\n<p>Sobota &#8211; Niedziela\u00a0 nieczynne<\/p>\n<p><a href=\"https:\/\/maps.app.goo.gl\/wrgkGJjoqj8aMbuo7\"><img loading=\"lazy\" decoding=\"async\" class=\"aligncenter wp-image-470 size-full\" src=\"https:\/\/gops-urszulin.pl\/wp-content\/uploads\/2023\/10\/mapa_gops.png\" alt=\"mapa z Google Maps z zaznaczonym GOPS Urszulin\" width=\"552\" height=\"441\" srcset=\"https:\/\/gops-urszulin.pl\/wp-content\/uploads\/2023\/10\/mapa_gops.png 552w, https:\/\/gops-urszulin.pl\/wp-content\/uploads\/2023\/10\/mapa_gops-300x240.png 300w\" sizes=\"auto, (max-width: 552px) 100vw, 552px\" \/><\/a><\/p>\n<p>=<\/p>\n<\/div><\/div>\n\n\n\n<hr class=\"wp-block-separator has-alpha-channel-opacity\"\/>\n\n\n<ul class=\"wp-block-latest-posts__list is-grid columns-3 wp-block-latest-posts\"><li><div class=\"wp-block-latest-posts__featured-image\"><img loading=\"lazy\" decoding=\"async\" width=\"150\" height=\"81\" src=\"https:\/\/gops-urszulin.pl\/wp-content\/uploads\/2025\/03\/emploiers_contact-150x81.png\" class=\"attachment-thumbnail size-thumbnail wp-post-image\" alt=\"logo kontaktu do pracownik\u00f3w\" style=\"\" \/><\/div><a class=\"wp-block-latest-posts__post-title\" href=\"https:\/\/gops-urszulin.pl\/index.php\/2025\/10\/01\/pracownicy-gops-urszulin-2\/\">Pracownicy GOPS Urszulin<\/a><div class=\"wp-block-latest-posts__post-excerpt\">Dane kontaktowe do wszystkich pracownik\u00f3w Gminnego O\u015brodka Pomocy Spo\u0142ecznej w Urszulinie<\/div><\/li>\n<li><div class=\"wp-block-latest-posts__featured-image\"><img loading=\"lazy\" decoding=\"async\" width=\"150\" height=\"140\" src=\"https:\/\/gops-urszulin.pl\/wp-content\/uploads\/2025\/03\/informaction-150x140.png\" class=\"attachment-thumbnail size-thumbnail wp-post-image\" alt=\"logo informacji\" style=\"\" \/><\/div><a class=\"wp-block-latest-posts__post-title\" href=\"https:\/\/gops-urszulin.pl\/index.php\/2024\/07\/04\/inspektor-danych-osobowych-2\/\">Inspektor Danych Osobowych<\/a><div class=\"wp-block-latest-posts__post-excerpt\">Informacja i dane kontaktowe do inspektora danych osobowych Gminnego O\u015brodka Pomocy Spo\u0142ecznej w Urszulinie<\/div><\/li>\n<li><div class=\"wp-block-latest-posts__featured-image\"><img loading=\"lazy\" decoding=\"async\" width=\"150\" height=\"140\" src=\"https:\/\/gops-urszulin.pl\/wp-content\/uploads\/2025\/03\/informaction-150x140.png\" class=\"attachment-thumbnail size-thumbnail wp-post-image\" alt=\"logo informacji\" style=\"\" \/><\/div><a class=\"wp-block-latest-posts__post-title\" href=\"https:\/\/gops-urszulin.pl\/index.php\/2024\/02\/01\/dane-kontaktowe-zespol-interdyscyplinarny-2\/\">Dane kontaktowe Zesp\u00f3\u0142 interdyscyplinarny<\/a><div class=\"wp-block-latest-posts__post-excerpt\">Podstawowe dane o Zespole Interdyscyplinarnym.<\/div><\/li>\n<li><div class=\"wp-block-latest-posts__featured-image\"><img loading=\"lazy\" decoding=\"async\" width=\"150\" height=\"140\" src=\"https:\/\/gops-urszulin.pl\/wp-content\/uploads\/2025\/03\/informaction-150x140.png\" class=\"attachment-thumbnail size-thumbnail wp-post-image\" alt=\"logo informacji\" style=\"\" \/><\/div><a class=\"wp-block-latest-posts__post-title\" href=\"https:\/\/gops-urszulin.pl\/index.php\/2022\/08\/01\/pracownicy-socjalni-rejony-zadania\/\">Pracownicy socjalni: rejony, zadania<\/a><div class=\"wp-block-latest-posts__post-excerpt\">Wykaz rejon\u00f3w pracy socjalnej z podzia\u0142em na pracownik\u00f3w socjalnych wraz z informacj\u0105 o zadaniach pracownika socjalnego<\/div><\/li>\n<li><div class=\"wp-block-latest-posts__featured-image\"><img loading=\"lazy\" decoding=\"async\" width=\"150\" height=\"140\" src=\"https:\/\/gops-urszulin.pl\/wp-content\/uploads\/2025\/03\/informaction-150x140.png\" class=\"attachment-thumbnail size-thumbnail wp-post-image\" alt=\"logo informacji\" style=\"\" \/><\/div><a class=\"wp-block-latest-posts__post-title\" href=\"https:\/\/gops-urszulin.pl\/index.php\/2020\/09\/21\/dane-kontaktowe-do-koordynatora-ds-dostepnosci\/\">Dane kontaktowe do koordynatora ds. dost\u0119pno\u015bci<\/a><div class=\"wp-block-latest-posts__post-excerpt\">Tu znajdziesz dane kontaktowe do koordynatora ds. dost\u0119pno\u015bci w Gminnym O\u015brodku Pomocy Spo\u0142ecznej w Urszulinie<\/div><\/li>\n<\/ul>","protected":false},"excerpt":{"rendered":"<p>Gminny O\u015brodek Pomocy Spo\u0142ecznej w Urszulinie Adresul. Lubelska 3122-234 Urszulin tel. (82) 5713044 fax: (82) 5920014 e-mail:\u00a0gops@gops-urszulin.plePUAP:\u00a0 \/GOPSUrszulin\/SkrytkaESP adres e-Dor\u0119cze\u0144: AE:PL-68260-12497-SIFHA-24 \u00a0 [&hellip;]<\/p>\n","protected":false},"author":1,"featured_media":0,"parent":0,"menu_order":0,"comment_status":"closed","ping_status":"closed","template":"","meta":{"footnotes":""},"class_list":["post-459","page","type-page","status-publish","hentry"],"yoast_head":"<!-- This site is optimized with the Yoast SEO plugin v27.3 - https:\/\/yoast.com\/product\/yoast-seo-wordpress\/ -->\n<title>Kontakt - Gminny O\u015brodek Pomocy Spo\u0142ecznej w Urszulinie<\/title>\n<meta name=\"description\" content=\"Dane kontaktowe: ul. Lubelska 31, 22-234 Urszulin, tel.:\/82\/ 571-30-44, e-mail: gops@gops-urszulin.pl, czynne pon.-pt. w godz. 7:30 do 15:30\" \/>\n<meta name=\"robots\" content=\"index, follow, max-snippet:-1, max-image-preview:large, max-video-preview:-1\" \/>\n<link rel=\"canonical\" href=\"https:\/\/gops-urszulin.pl\/index.php\/kontakt\/\" \/>\n<meta property=\"og:locale\" content=\"pl_PL\" \/>\n<meta property=\"og:type\" content=\"article\" \/>\n<meta property=\"og:title\" content=\"Kontakt - Gminny O\u015brodek Pomocy Spo\u0142ecznej w Urszulinie\" \/>\n<meta property=\"og:description\" content=\"Dane kontaktowe: ul. Lubelska 31, 22-234 Urszulin, tel.:\/82\/ 571-30-44, e-mail: gops@gops-urszulin.pl, czynne pon.-pt. w godz. 7:30 do 15:30\" \/>\n<meta property=\"og:url\" content=\"https:\/\/gops-urszulin.pl\/index.php\/kontakt\/\" \/>\n<meta property=\"og:site_name\" content=\"Gminny O\u015brodek Pomocy Spo\u0142ecznej w Urszulinie\" \/>\n<meta property=\"article:modified_time\" content=\"2024-11-12T09:06:23+00:00\" \/>\n<meta property=\"og:image\" content=\"https:\/\/gops-urszulin.pl\/wp-content\/uploads\/2023\/10\/mapa_gops.png\" \/>\n\t<meta property=\"og:image:width\" content=\"552\" \/>\n\t<meta property=\"og:image:height\" content=\"441\" \/>\n\t<meta property=\"og:image:type\" content=\"image\/png\" \/>\n<meta name=\"twitter:card\" content=\"summary_large_image\" \/>\n<meta name=\"twitter:label1\" content=\"Szacowany czas czytania\" \/>\n\t<meta name=\"twitter:data1\" content=\"1 minuta\" \/>\n<script type=\"application\/ld+json\" class=\"yoast-schema-graph\">{\"@context\":\"https:\\\/\\\/schema.org\",\"@graph\":[{\"@type\":\"WebPage\",\"@id\":\"https:\\\/\\\/gops-urszulin.pl\\\/index.php\\\/kontakt\\\/\",\"url\":\"https:\\\/\\\/gops-urszulin.pl\\\/index.php\\\/kontakt\\\/\",\"name\":\"Kontakt - Gminny O\u015brodek Pomocy Spo\u0142ecznej w Urszulinie\",\"isPartOf\":{\"@id\":\"https:\\\/\\\/gops-urszulin.pl\\\/#website\"},\"primaryImageOfPage\":{\"@id\":\"https:\\\/\\\/gops-urszulin.pl\\\/index.php\\\/kontakt\\\/#primaryimage\"},\"image\":{\"@id\":\"https:\\\/\\\/gops-urszulin.pl\\\/index.php\\\/kontakt\\\/#primaryimage\"},\"thumbnailUrl\":\"http:\\\/\\\/gops-urszulin.pl\\\/wp-content\\\/uploads\\\/2023\\\/10\\\/mapa_gops.png\",\"datePublished\":\"2023-10-13T10:51:20+00:00\",\"dateModified\":\"2024-11-12T09:06:23+00:00\",\"description\":\"Dane kontaktowe: ul. Lubelska 31, 22-234 Urszulin, tel.:\\\/82\\\/ 571-30-44, e-mail: gops@gops-urszulin.pl, czynne pon.-pt. w godz. 7:30 do 15:30\",\"breadcrumb\":{\"@id\":\"https:\\\/\\\/gops-urszulin.pl\\\/index.php\\\/kontakt\\\/#breadcrumb\"},\"inLanguage\":\"pl-PL\",\"potentialAction\":[{\"@type\":\"ReadAction\",\"target\":[\"https:\\\/\\\/gops-urszulin.pl\\\/index.php\\\/kontakt\\\/\"]}]},{\"@type\":\"ImageObject\",\"inLanguage\":\"pl-PL\",\"@id\":\"https:\\\/\\\/gops-urszulin.pl\\\/index.php\\\/kontakt\\\/#primaryimage\",\"url\":\"https:\\\/\\\/gops-urszulin.pl\\\/wp-content\\\/uploads\\\/2023\\\/10\\\/mapa_gops.png\",\"contentUrl\":\"https:\\\/\\\/gops-urszulin.pl\\\/wp-content\\\/uploads\\\/2023\\\/10\\\/mapa_gops.png\",\"width\":552,\"height\":441,\"caption\":\"mapa z Google Maps z zaznaczonym GOPS Urszulin\"},{\"@type\":\"BreadcrumbList\",\"@id\":\"https:\\\/\\\/gops-urszulin.pl\\\/index.php\\\/kontakt\\\/#breadcrumb\",\"itemListElement\":[{\"@type\":\"ListItem\",\"position\":1,\"name\":\"Strona g\u0142\u00f3wna\",\"item\":\"https:\\\/\\\/gops-urszulin.pl\\\/\"},{\"@type\":\"ListItem\",\"position\":2,\"name\":\"Kontakt\"}]},{\"@type\":\"WebSite\",\"@id\":\"https:\\\/\\\/gops-urszulin.pl\\\/#website\",\"url\":\"https:\\\/\\\/gops-urszulin.pl\\\/\",\"name\":\"Gminny O\u015brodek Pomocy Spo\u0142ecznej w Urszulinie\",\"description\":\"\",\"potentialAction\":[{\"@type\":\"SearchAction\",\"target\":{\"@type\":\"EntryPoint\",\"urlTemplate\":\"https:\\\/\\\/gops-urszulin.pl\\\/?s={search_term_string}\"},\"query-input\":{\"@type\":\"PropertyValueSpecification\",\"valueRequired\":true,\"valueName\":\"search_term_string\"}}],\"inLanguage\":\"pl-PL\"}]}<\/script>\n<!-- \/ Yoast SEO plugin. -->","yoast_head_json":{"title":"Kontakt - Gminny O\u015brodek Pomocy Spo\u0142ecznej w Urszulinie","description":"Dane kontaktowe: ul. Lubelska 31, 22-234 Urszulin, tel.:\/82\/ 571-30-44, e-mail: gops@gops-urszulin.pl, czynne pon.-pt. w godz. 7:30 do 15:30","robots":{"index":"index","follow":"follow","max-snippet":"max-snippet:-1","max-image-preview":"max-image-preview:large","max-video-preview":"max-video-preview:-1"},"canonical":"https:\/\/gops-urszulin.pl\/index.php\/kontakt\/","og_locale":"pl_PL","og_type":"article","og_title":"Kontakt - Gminny O\u015brodek Pomocy Spo\u0142ecznej w Urszulinie","og_description":"Dane kontaktowe: ul. Lubelska 31, 22-234 Urszulin, tel.:\/82\/ 571-30-44, e-mail: gops@gops-urszulin.pl, czynne pon.-pt. w godz. 7:30 do 15:30","og_url":"https:\/\/gops-urszulin.pl\/index.php\/kontakt\/","og_site_name":"Gminny O\u015brodek Pomocy Spo\u0142ecznej w Urszulinie","article_modified_time":"2024-11-12T09:06:23+00:00","og_image":[{"width":552,"height":441,"url":"https:\/\/gops-urszulin.pl\/wp-content\/uploads\/2023\/10\/mapa_gops.png","type":"image\/png"}],"twitter_card":"summary_large_image","twitter_misc":{"Szacowany czas czytania":"1 minuta"},"schema":{"@context":"https:\/\/schema.org","@graph":[{"@type":"WebPage","@id":"https:\/\/gops-urszulin.pl\/index.php\/kontakt\/","url":"https:\/\/gops-urszulin.pl\/index.php\/kontakt\/","name":"Kontakt - Gminny O\u015brodek Pomocy Spo\u0142ecznej w Urszulinie","isPartOf":{"@id":"https:\/\/gops-urszulin.pl\/#website"},"primaryImageOfPage":{"@id":"https:\/\/gops-urszulin.pl\/index.php\/kontakt\/#primaryimage"},"image":{"@id":"https:\/\/gops-urszulin.pl\/index.php\/kontakt\/#primaryimage"},"thumbnailUrl":"https:\/\/gops-urszulin.pl\/wp-content\/uploads\/2023\/10\/mapa_gops.png","datePublished":"2023-10-13T10:51:20+00:00","dateModified":"2024-11-12T09:06:23+00:00","description":"Dane kontaktowe: ul. Lubelska 31, 22-234 Urszulin, tel.:\/82\/ 571-30-44, e-mail: gops@gops-urszulin.pl, czynne pon.-pt. w godz. 7:30 do 15:30","breadcrumb":{"@id":"https:\/\/gops-urszulin.pl\/index.php\/kontakt\/#breadcrumb"},"inLanguage":"pl-PL","potentialAction":[{"@type":"ReadAction","target":["https:\/\/gops-urszulin.pl\/index.php\/kontakt\/"]}]},{"@type":"ImageObject","inLanguage":"pl-PL","@id":"https:\/\/gops-urszulin.pl\/index.php\/kontakt\/#primaryimage","url":"https:\/\/gops-urszulin.pl\/wp-content\/uploads\/2023\/10\/mapa_gops.png","contentUrl":"https:\/\/gops-urszulin.pl\/wp-content\/uploads\/2023\/10\/mapa_gops.png","width":552,"height":441,"caption":"mapa z Google Maps z zaznaczonym GOPS Urszulin"},{"@type":"BreadcrumbList","@id":"https:\/\/gops-urszulin.pl\/index.php\/kontakt\/#breadcrumb","itemListElement":[{"@type":"ListItem","position":1,"name":"Strona g\u0142\u00f3wna","item":"https:\/\/gops-urszulin.pl\/"},{"@type":"ListItem","position":2,"name":"Kontakt"}]},{"@type":"WebSite","@id":"https:\/\/gops-urszulin.pl\/#website","url":"https:\/\/gops-urszulin.pl\/","name":"Gminny O\u015brodek Pomocy Spo\u0142ecznej w Urszulinie","description":"","potentialAction":[{"@type":"SearchAction","target":{"@type":"EntryPoint","urlTemplate":"https:\/\/gops-urszulin.pl\/?s={search_term_string}"},"query-input":{"@type":"PropertyValueSpecification","valueRequired":true,"valueName":"search_term_string"}}],"inLanguage":"pl-PL"}]}},"_links":{"self":[{"href":"https:\/\/gops-urszulin.pl\/index.php\/wp-json\/wp\/v2\/pages\/459","targetHints":{"allow":["GET"]}}],"collection":[{"href":"https:\/\/gops-urszulin.pl\/index.php\/wp-json\/wp\/v2\/pages"}],"about":[{"href":"https:\/\/gops-urszulin.pl\/index.php\/wp-json\/wp\/v2\/types\/page"}],"author":[{"embeddable":true,"href":"https:\/\/gops-urszulin.pl\/index.php\/wp-json\/wp\/v2\/users\/1"}],"replies":[{"embeddable":true,"href":"https:\/\/gops-urszulin.pl\/index.php\/wp-json\/wp\/v2\/comments?post=459"}],"version-history":[{"count":5,"href":"https:\/\/gops-urszulin.pl\/index.php\/wp-json\/wp\/v2\/pages\/459\/revisions"}],"predecessor-version":[{"id":1151,"href":"https:\/\/gops-urszulin.pl\/index.php\/wp-json\/wp\/v2\/pages\/459\/revisions\/1151"}],"wp:attachment":[{"href":"https:\/\/gops-urszulin.pl\/index.php\/wp-json\/wp\/v2\/media?parent=459"}],"curies":[{"name":"wp","href":"https:\/\/api.w.org\/{rel}","templated":true}]}}